{"id":3136,"date":"2024-10-21T15:54:50","date_gmt":"2024-10-21T13:54:50","guid":{"rendered":"http:\/\/roknysl.cluster030.hosting.ovh.net\/?page_id=3136"},"modified":"2025-04-01T14:52:01","modified_gmt":"2025-04-01T12:52:01","slug":"benne-tp","status":"publish","type":"page","link":"https:\/\/www.transports-bon.com\/index.php\/benne-tp\/","title":{"rendered":"BENNE TP"},"content":{"rendered":"\t\t<div data-elementor-type=\"wp-page\" data-elementor-id=\"3136\" class=\"elementor elementor-3136\" data-elementor-post-type=\"page\">\n\t\t\t\t<div class=\"elementor-element elementor-element-ffc49ee e-flex e-con-boxed wpr-particle-no wpr-jarallax-no wpr-parallax-no wpr-sticky-section-no wpr-equal-height-no e-con e-parent\" data-id=\"ffc49ee\" data-element_type=\"container\" data-e-type=\"container\" data-settings=\"{&quot;background_background&quot;:&quot;classic&quot;}\">\n\t\t\t\t\t<div class=\"e-con-inner\">\n\t\t<div class=\"elementor-element elementor-element-26c1e74 e-con-full e-flex wpr-particle-no wpr-jarallax-no wpr-parallax-no wpr-sticky-section-no wpr-equal-height-no e-con e-child\" data-id=\"26c1e74\" data-element_type=\"container\" data-e-type=\"container\">\n\t\t\t\t<div class=\"elementor-element elementor-element-c2222c3 elementor-widget elementor-widget-heading\" data-id=\"c2222c3\" data-element_type=\"widget\" data-e-type=\"widget\" data-widget_type=\"heading.default\">\n\t\t\t\t<div class=\"elementor-widget-container\">\n\t\t\t\t\t<h1 class=\"elementor-heading-title elementor-size-default\"> VRAC BENNE TP<\/h1>\t\t\t\t<\/div>\n\t\t\t\t<\/div>\n\t\t\t\t<\/div>\n\t\t\t\t\t<\/div>\n\t\t\t\t<\/div>\n\t\t<div class=\"elementor-element elementor-element-41a2f0c e-flex e-con-boxed wpr-particle-no wpr-jarallax-no wpr-parallax-no wpr-sticky-section-no wpr-equal-height-no e-con e-parent\" data-id=\"41a2f0c\" data-element_type=\"container\" data-e-type=\"container\">\n\t\t\t\t\t<div class=\"e-con-inner\">\n\t\t<div class=\"elementor-element elementor-element-6a8bfff e-con-full e-flex wpr-particle-no wpr-jarallax-no wpr-parallax-no wpr-sticky-section-no wpr-equal-height-no e-con e-child\" data-id=\"6a8bfff\" data-element_type=\"container\" data-e-type=\"container\" data-settings=\"{&quot;background_background&quot;:&quot;classic&quot;}\">\n\t\t\t\t<div class=\"elementor-element elementor-element-ca0c25c elementor-widget elementor-widget-heading\" data-id=\"ca0c25c\" data-element_type=\"widget\" data-e-type=\"widget\" data-widget_type=\"heading.default\">\n\t\t\t\t<div class=\"elementor-widget-container\">\n\t\t\t\t\t<h3 class=\"elementor-heading-title elementor-size-default\">Notre expertise :<\/h3>\t\t\t\t<\/div>\n\t\t\t\t<\/div>\n\t\t\t\t<div class=\"elementor-element elementor-element-871a504 elementor-widget elementor-widget-text-editor\" data-id=\"871a504\" data-element_type=\"widget\" data-e-type=\"widget\" data-widget_type=\"text-editor.default\">\n\t\t\t\t<div class=\"elementor-widget-container\">\n\t\t\t\t\t\t\t\t\t<p>Notre savoir-faire en bennes TP repose sur des ann\u00e9es d\u2019exp\u00e9rience dans le secteur des travaux publics. Nous offrons des solutions sur mesure, adapt\u00e9es \u00e0 chaque type de chantier, qu\u2019il s\u2019agisse de petits travaux urbains ou de grands projets d\u2019infrastructure. Con\u00e7ues pour optimiser la productivit\u00e9, nos bennes TP garantissent un chargement et un d\u00e9chargement rapides et efficaces.<\/p>\t\t\t\t\t\t\t\t<\/div>\n\t\t\t\t<\/div>\n\t\t\t\t<\/div>\n\t\t<div class=\"elementor-element elementor-element-9349b5b e-con-full e-flex wpr-particle-no wpr-jarallax-no wpr-parallax-no wpr-sticky-section-no wpr-equal-height-no e-con e-child\" data-id=\"9349b5b\" data-element_type=\"container\" data-e-type=\"container\">\n\t\t\t\t<div class=\"elementor-element elementor-element-29765a7 elementor-widget elementor-widget-image\" data-id=\"29765a7\" data-element_type=\"widget\" data-e-type=\"widget\" data-widget_type=\"image.default\">\n\t\t\t\t<div class=\"elementor-widget-container\">\n\t\t\t\t\t\t\t\t\t\t\t\t\t\t\t<img fetchpriority=\"high\" decoding=\"async\" width=\"768\" height=\"1024\" src=\"https:\/\/www.transports-bon.com\/wp-content\/uploads\/2024\/04\/IMG-20240328-WA0003-1-768x1024.jpg\" class=\"attachment-large size-large wp-image-2127\" alt=\"\" srcset=\"https:\/\/www.transports-bon.com\/wp-content\/uploads\/2024\/04\/IMG-20240328-WA0003-1-768x1024.jpg 768w, https:\/\/www.transports-bon.com\/wp-content\/uploads\/2024\/04\/IMG-20240328-WA0003-1-225x300.jpg 225w, https:\/\/www.transports-bon.com\/wp-content\/uploads\/2024\/04\/IMG-20240328-WA0003-1-1152x1536.jpg 1152w, https:\/\/www.transports-bon.com\/wp-content\/uploads\/2024\/04\/IMG-20240328-WA0003-1.jpg 1536w\" sizes=\"(max-width: 768px) 100vw, 768px\" \/>\t\t\t\t\t\t\t\t\t\t\t\t\t\t\t<\/div>\n\t\t\t\t<\/div>\n\t\t\t\t<\/div>\n\t\t\t\t\t<\/div>\n\t\t\t\t<\/div>\n\t\t<div class=\"elementor-element elementor-element-55df2fd e-flex e-con-boxed wpr-particle-no wpr-jarallax-no wpr-parallax-no wpr-sticky-section-no wpr-equal-height-no e-con e-parent\" data-id=\"55df2fd\" data-element_type=\"container\" data-e-type=\"container\">\n\t\t\t\t\t<div class=\"e-con-inner\">\n\t\t<div class=\"elementor-element elementor-element-5647492 e-con-full e-flex wpr-particle-no wpr-jarallax-no wpr-parallax-no wpr-sticky-section-no wpr-equal-height-no e-con e-child\" data-id=\"5647492\" data-element_type=\"container\" data-e-type=\"container\">\n\t\t\t\t<div class=\"elementor-element elementor-element-63916ac elementor-widget elementor-widget-image\" data-id=\"63916ac\" data-element_type=\"widget\" data-e-type=\"widget\" data-widget_type=\"image.default\">\n\t\t\t\t<div class=\"elementor-widget-container\">\n\t\t\t\t\t\t\t\t\t\t\t\t\t\t\t<img decoding=\"async\" width=\"2040\" height=\"1530\" src=\"https:\/\/www.transports-bon.com\/wp-content\/uploads\/2025\/03\/Photo-2-2.jpg\" class=\"attachment-full size-full wp-image-3430\" alt=\"\" srcset=\"https:\/\/www.transports-bon.com\/wp-content\/uploads\/2025\/03\/Photo-2-2.jpg 2040w, https:\/\/www.transports-bon.com\/wp-content\/uploads\/2025\/03\/Photo-2-2-300x225.jpg 300w, https:\/\/www.transports-bon.com\/wp-content\/uploads\/2025\/03\/Photo-2-2-1024x768.jpg 1024w, https:\/\/www.transports-bon.com\/wp-content\/uploads\/2025\/03\/Photo-2-2-768x576.jpg 768w, https:\/\/www.transports-bon.com\/wp-content\/uploads\/2025\/03\/Photo-2-2-1536x1152.jpg 1536w\" sizes=\"(max-width: 2040px) 100vw, 2040px\" \/>\t\t\t\t\t\t\t\t\t\t\t\t\t\t\t<\/div>\n\t\t\t\t<\/div>\n\t\t\t\t<\/div>\n\t\t<div class=\"elementor-element elementor-element-536d86c e-con-full e-flex wpr-particle-no wpr-jarallax-no wpr-parallax-no wpr-sticky-section-no wpr-equal-height-no e-con e-child\" data-id=\"536d86c\" data-element_type=\"container\" data-e-type=\"container\">\n\t\t\t\t<div class=\"elementor-element elementor-element-8dbd6f7 elementor-widget elementor-widget-heading\" data-id=\"8dbd6f7\" data-element_type=\"widget\" data-e-type=\"widget\" data-widget_type=\"heading.default\">\n\t\t\t\t<div class=\"elementor-widget-container\">\n\t\t\t\t\t<h3 class=\"elementor-heading-title elementor-size-default\">La Force de l'Adaptabilit\u00e9<\/h3>\t\t\t\t<\/div>\n\t\t\t\t<\/div>\n\t\t\t\t<div class=\"elementor-element elementor-element-aba1b0e elementor-widget elementor-widget-text-editor\" data-id=\"aba1b0e\" data-element_type=\"widget\" data-e-type=\"widget\" data-widget_type=\"text-editor.default\">\n\t\t\t\t<div class=\"elementor-widget-container\">\n\t\t\t\t\t\t\t\t\t<p class=\"font_0 wixui-rich-text__text\">Dot\u00e9es d\u2019une capacit\u00e9 de charge \u00e9lev\u00e9e, nos bennes TP r\u00e9pondent parfaitement aux exigences des chantiers les plus ambitieux. Id\u00e9ales pour l\u2019\u00e9vacuation des gravats et des terres excav\u00e9es, elles se distinguent \u00e9galement par leur polyvalence. Elles permettent le transport de gravillons pour des projets urbains ou encore de verre \u00e0 destination des centres de recyclage.<\/p>\t\t\t\t\t\t\t\t<\/div>\n\t\t\t\t<\/div>\n\t\t\t\t<\/div>\n\t\t\t\t\t<\/div>\n\t\t\t\t<\/div>\n\t\t<div class=\"elementor-element elementor-element-d313bfe e-flex e-con-boxed wpr-particle-no wpr-jarallax-no wpr-parallax-no wpr-sticky-section-no wpr-equal-height-no e-con e-parent\" data-id=\"d313bfe\" data-element_type=\"container\" data-e-type=\"container\">\n\t\t\t\t\t<div class=\"e-con-inner\">\n\t\t<div class=\"elementor-element elementor-element-dd1ee40 e-con-full e-flex wpr-particle-no wpr-jarallax-no wpr-parallax-no wpr-sticky-section-no wpr-equal-height-no e-con e-child\" data-id=\"dd1ee40\" data-element_type=\"container\" data-e-type=\"container\">\n\t\t\t\t<div class=\"elementor-element elementor-element-de2e7ef elementor-widget elementor-widget-image\" data-id=\"de2e7ef\" data-element_type=\"widget\" data-e-type=\"widget\" data-widget_type=\"image.default\">\n\t\t\t\t<div class=\"elementor-widget-container\">\n\t\t\t\t\t\t\t\t\t\t\t\t\t\t\t<img decoding=\"async\" width=\"1024\" height=\"343\" src=\"https:\/\/www.transports-bon.com\/wp-content\/uploads\/2024\/08\/TRANSPORTS-BON-2-1024x343.png\" class=\"attachment-large size-large wp-image-2926\" alt=\"\" srcset=\"https:\/\/www.transports-bon.com\/wp-content\/uploads\/2024\/08\/TRANSPORTS-BON-2-1024x343.png 1024w, https:\/\/www.transports-bon.com\/wp-content\/uploads\/2024\/08\/TRANSPORTS-BON-2-300x100.png 300w, https:\/\/www.transports-bon.com\/wp-content\/uploads\/2024\/08\/TRANSPORTS-BON-2-768x257.png 768w, https:\/\/www.transports-bon.com\/wp-content\/uploads\/2024\/08\/TRANSPORTS-BON-2-1536x514.png 1536w, https:\/\/www.transports-bon.com\/wp-content\/uploads\/2024\/08\/TRANSPORTS-BON-2.png 1920w\" sizes=\"(max-width: 1024px) 100vw, 1024px\" \/>\t\t\t\t\t\t\t\t\t\t\t\t\t\t\t<\/div>\n\t\t\t\t<\/div>\n\t\t\t\t<\/div>\n\t\t<div class=\"elementor-element elementor-element-849fa8d e-con-full e-flex wpr-particle-no wpr-jarallax-no wpr-parallax-no wpr-sticky-section-no wpr-equal-height-no e-con e-child\" data-id=\"849fa8d\" data-element_type=\"container\" data-e-type=\"container\">\n\t\t\t\t<div class=\"elementor-element elementor-element-1b4f9e8 elementor-widget elementor-widget-heading\" data-id=\"1b4f9e8\" data-element_type=\"widget\" data-e-type=\"widget\" data-widget_type=\"heading.default\">\n\t\t\t\t<div class=\"elementor-widget-container\">\n\t\t\t\t\t<h3 class=\"elementor-heading-title elementor-size-default\">Une gestion optimis\u00e9e pour vos projets<\/h3>\t\t\t\t<\/div>\n\t\t\t\t<\/div>\n\t\t\t\t<div class=\"elementor-element elementor-element-a7394e7 elementor-widget elementor-widget-text-editor\" data-id=\"a7394e7\" data-element_type=\"widget\" data-e-type=\"widget\" data-widget_type=\"text-editor.default\">\n\t\t\t\t<div class=\"elementor-widget-container\">\n\t\t\t\t\t\t\t\t\t<p>Nous comprenons les contraintes des chantiers, o\u00f9 chaque minute compte. C&rsquo;est pourquoi nous mettons un point d&rsquo;honneur \u00e0 offrir une grande r\u00e9activit\u00e9 et une flexibilit\u00e9 totale pour s&rsquo;adapter \u00e0 vos horaires et \u00e0 vos imp\u00e9ratifs. Transport Bon vous accompagne tout au long de vos projets avec des solutions de transport sur mesure, que ce soit pour des missions ponctuelles ou des besoins r\u00e9guliers.<\/p>\t\t\t\t\t\t\t\t<\/div>\n\t\t\t\t<\/div>\n\t\t\t\t<\/div>\n\t\t\t\t\t<\/div>\n\t\t\t\t<\/div>\n\t\t<div class=\"elementor-element elementor-element-a6650a6 e-flex e-con-boxed wpr-particle-no wpr-jarallax-no wpr-parallax-no wpr-sticky-section-no wpr-equal-height-no e-con e-parent\" data-id=\"a6650a6\" data-element_type=\"container\" data-e-type=\"container\" data-settings=\"{&quot;background_background&quot;:&quot;classic&quot;}\">\n\t\t\t\t\t<div class=\"e-con-inner\">\n\t\t\t\t<div class=\"elementor-element elementor-element-201d456 elementor-widget elementor-widget-heading\" data-id=\"201d456\" data-element_type=\"widget\" data-e-type=\"widget\" data-widget_type=\"heading.default\">\n\t\t\t\t<div class=\"elementor-widget-container\">\n\t\t\t\t\t<h3 class=\"elementor-heading-title elementor-size-default\">L'excellence du service sur toute la France<\/h3>\t\t\t\t<\/div>\n\t\t\t\t<\/div>\n\t\t\t\t<div class=\"elementor-element elementor-element-4e7fa19 elementor-widget elementor-widget-text-editor\" data-id=\"4e7fa19\" data-element_type=\"widget\" data-e-type=\"widget\" data-widget_type=\"text-editor.default\">\n\t\t\t\t<div class=\"elementor-widget-container\">\n\t\t\t\t\t\t\t\t\t<p>Nos v\u00e9hicules \u00e9quip\u00e9s de fonds mouvants sont con\u00e7us pour s\u2019adapter \u00e0 une large gamme de produits, qu\u2019ils soient en vrac ou palettis\u00e9s. Transport Bon s&rsquo;engage \u00e0 vous offrir un service de haute qualit\u00e9, avec des v\u00e9hicules r\u00e9cents, conformes aux normes environnementales, et des chauffeurs exp\u00e9riment\u00e9s. Nous assurons des livraisons rapides et fiables, peu importe la destination, en toute s\u00e9curit\u00e9.<\/p>\t\t\t\t\t\t\t\t<\/div>\n\t\t\t\t<\/div>\n\t\t\t\t\t<\/div>\n\t\t\t\t<\/div>\n\t\t<div class=\"elementor-element elementor-element-467ede0 e-flex e-con-boxed wpr-particle-no wpr-jarallax-no wpr-parallax-no wpr-sticky-section-no wpr-equal-height-no e-con e-parent\" data-id=\"467ede0\" data-element_type=\"container\" data-e-type=\"container\" data-settings=\"{&quot;background_background&quot;:&quot;classic&quot;}\">\n\t\t\t\t\t<div class=\"e-con-inner\">\n\t\t<div class=\"elementor-element elementor-element-b4dbb5f e-con-full e-flex wpr-particle-no wpr-jarallax-no wpr-parallax-no wpr-sticky-section-no wpr-equal-height-no e-con e-child\" data-id=\"b4dbb5f\" data-element_type=\"container\" data-e-type=\"container\">\n\t\t\t\t<div class=\"elementor-element elementor-element-8fe9d6f elementor-widget elementor-widget-heading\" data-id=\"8fe9d6f\" data-element_type=\"widget\" data-e-type=\"widget\" data-widget_type=\"heading.default\">\n\t\t\t\t<div class=\"elementor-widget-container\">\n\t\t\t\t\t<h2 class=\"elementor-heading-title elementor-size-default\">Contactez nous !<\/h2>\t\t\t\t<\/div>\n\t\t\t\t<\/div>\n\t\t\t\t<div class=\"elementor-element elementor-element-9f57154 elementor-widget elementor-widget-text-editor\" data-id=\"9f57154\" data-element_type=\"widget\" data-e-type=\"widget\" data-widget_type=\"text-editor.default\">\n\t\t\t\t<div class=\"elementor-widget-container\">\n\t\t\t\t\t\t\t\t\t<p>Si vous voulez plus d&rsquo;information n&rsquo;h\u00e9sitez pas \u00e0 nous contactez !<\/p>\t\t\t\t\t\t\t\t<\/div>\n\t\t\t\t<\/div>\n\t\t\t\t<div class=\"elementor-element elementor-element-3954345 elementor-align-center elementor-widget elementor-widget-button\" data-id=\"3954345\" data-element_type=\"widget\" data-e-type=\"widget\" data-widget_type=\"button.default\">\n\t\t\t\t<div class=\"elementor-widget-container\">\n\t\t\t\t\t\t\t\t\t<div class=\"elementor-button-wrapper\">\n\t\t\t\t\t<a class=\"elementor-button elementor-button-link elementor-size-sm\" href=\"https:\/\/www.transports-bon.com\/index.php\/contact\/\">\n\t\t\t\t\t\t<span class=\"elementor-button-content-wrapper\">\n\t\t\t\t\t\t\t\t\t<span class=\"elementor-button-text\">Cliquez ici !<\/span>\n\t\t\t\t\t<\/span>\n\t\t\t\t\t<\/a>\n\t\t\t\t<\/div>\n\t\t\t\t\t\t\t\t<\/div>\n\t\t\t\t<\/div>\n\t\t\t\t<\/div>\n\t\t\t\t\t<\/div>\n\t\t\t\t<\/div>\n\t\t\t\t<\/div>\n\t\t","protected":false},"excerpt":{"rendered":"<p>VRAC BENNE TP Notre expertise : Notre savoir-faire en bennes TP repose sur des ann\u00e9es d\u2019exp\u00e9rience dans le secteur des travaux publics. Nous offrons des solutions sur mesure, adapt\u00e9es \u00e0 chaque type de chantier, qu\u2019il s\u2019agisse de petits travaux urbains ou de grands projets d\u2019infrastructure. Con\u00e7ues pour optimiser la productivit\u00e9, nos bennes TP garantissent un chargement et un d\u00e9chargement rapides et efficaces. La Force de l&rsquo;Adaptabilit\u00e9 Dot\u00e9es d\u2019une capacit\u00e9 de charge \u00e9lev\u00e9e, nos bennes TP r\u00e9pondent parfaitement aux exigences des chantiers les plus ambitieux. Id\u00e9ales pour l\u2019\u00e9vacuation des gravats et des terres excav\u00e9es, elles se distinguent \u00e9galement par leur polyvalence. Elles permettent le transport de gravillons pour des projets urbains ou encore de verre \u00e0 destination des centres de recyclage. Une gestion optimis\u00e9e pour vos projets Nous comprenons les contraintes des chantiers, o\u00f9 chaque minute compte. C&rsquo;est pourquoi nous mettons un point d&rsquo;honneur \u00e0 offrir une grande r\u00e9activit\u00e9 et une flexibilit\u00e9 totale pour s&rsquo;adapter \u00e0 vos horaires et \u00e0 vos imp\u00e9ratifs. Transport Bon vous accompagne tout au long de vos projets avec des solutions de transport sur mesure, que ce soit pour des missions ponctuelles ou des besoins r\u00e9guliers. L&rsquo;excellence du service sur toute la France Nos v\u00e9hicules \u00e9quip\u00e9s de fonds mouvants sont con\u00e7us pour s\u2019adapter \u00e0 une large gamme de produits, qu\u2019ils soient en vrac ou palettis\u00e9s. Transport Bon s&rsquo;engage \u00e0 vous offrir un service de haute qualit\u00e9, avec des v\u00e9hicules r\u00e9cents, conformes aux normes environnementales, et des chauffeurs exp\u00e9riment\u00e9s. Nous assurons des livraisons rapides et fiables, peu importe la destination, en toute s\u00e9curit\u00e9. Contactez nous ! Si vous voulez plus d&rsquo;information n&rsquo;h\u00e9sitez pas \u00e0 nous contactez ! Cliquez ici !<\/p>\n","protected":false},"author":1,"featured_media":0,"parent":0,"menu_order":0,"comment_status":"closed","ping_status":"closed","template":"","meta":{"_seopress_robots_primary_cat":"","_seopress_titles_title":"","_seopress_titles_desc":"","_seopress_robots_index":"","site-sidebar-layout":"no-sidebar","site-content-layout":"","ast-site-content-layout":"full-width-container","site-content-style":"default","site-sidebar-style":"default","ast-global-header-display":"","ast-banner-title-visibility":"","ast-main-header-display":"","ast-hfb-above-header-display":"","ast-hfb-below-header-display":"","ast-hfb-mobile-header-display":"","site-post-title":"disabled","ast-breadcrumbs-content":"","ast-featured-img":"disabled","footer-sml-layout":"","ast-disable-related-posts":"","theme-transparent-header-meta":"","adv-header-id-meta":"","stick-header-meta":"","header-above-stick-meta":"","header-main-stick-meta":"","header-below-stick-meta":"","astra-migrate-meta-layouts":"default","ast-page-background-enabled":"default","ast-page-background-meta":{"desktop":{"background-color":"var(--ast-global-color-4)","background-image":"","background-repeat":"repeat","background-position":"center center","background-size":"auto","background-attachment":"scroll","background-type":"","background-media":"","overlay-type":"","overlay-color":"","overlay-opacity":"","overlay-gradient":""},"tablet":{"background-color":"","background-image":"","background-repeat":"repeat","background-position":"center center","background-size":"auto","background-attachment":"scroll","background-type":"","background-media":"","overlay-type":"","overlay-color":"","overlay-opacity":"","overlay-gradient":""},"mobile":{"background-color":"","background-image":"","background-repeat":"repeat","background-position":"center center","background-size":"auto","background-attachment":"scroll","background-type":"","background-media":"","overlay-type":"","overlay-color":"","overlay-opacity":"","overlay-gradient":""}},"ast-content-background-meta":{"desktop":{"background-color":"var(--ast-global-color-5)","background-image":"","background-repeat":"repeat","background-position":"center center","background-size":"auto","background-attachment":"scroll","background-type":"","background-media":"","overlay-type":"","overlay-color":"","overlay-opacity":"","overlay-gradient":""},"tablet":{"background-color":"var(--ast-global-color-5)","background-image":"","background-repeat":"repeat","background-position":"center center","background-size":"auto","background-attachment":"scroll","background-type":"","background-media":"","overlay-type":"","overlay-color":"","overlay-opacity":"","overlay-gradient":""},"mobile":{"background-color":"var(--ast-global-color-5)","background-image":"","background-repeat":"repeat","background-position":"center center","background-size":"auto","background-attachment":"scroll","background-type":"","background-media":"","overlay-type":"","overlay-color":"","overlay-opacity":"","overlay-gradient":""}},"footnotes":""},"class_list":["post-3136","page","type-page","status-publish","hentry"],"_links":{"self":[{"href":"https:\/\/www.transports-bon.com\/index.php\/wp-json\/wp\/v2\/pages\/3136","targetHints":{"allow":["GET"]}}],"collection":[{"href":"https:\/\/www.transports-bon.com\/index.php\/wp-json\/wp\/v2\/pages"}],"about":[{"href":"https:\/\/www.transports-bon.com\/index.php\/wp-json\/wp\/v2\/types\/page"}],"author":[{"embeddable":true,"href":"https:\/\/www.transports-bon.com\/index.php\/wp-json\/wp\/v2\/users\/1"}],"replies":[{"embeddable":true,"href":"https:\/\/www.transports-bon.com\/index.php\/wp-json\/wp\/v2\/comments?post=3136"}],"version-history":[{"count":37,"href":"https:\/\/www.transports-bon.com\/index.php\/wp-json\/wp\/v2\/pages\/3136\/revisions"}],"predecessor-version":[{"id":3507,"href":"https:\/\/www.transports-bon.com\/index.php\/wp-json\/wp\/v2\/pages\/3136\/revisions\/3507"}],"wp:attachment":[{"href":"https:\/\/www.transports-bon.com\/index.php\/wp-json\/wp\/v2\/media?parent=3136"}],"curies":[{"name":"wp","href":"https:\/\/api.w.org\/{rel}","templated":true}]}}